{"id":2255,"date":"2021-08-29T06:28:33","date_gmt":"2021-08-29T03:28:33","guid":{"rendered":"http:\/\/jokergames.com.tr\/?page_id=2255"},"modified":"2024-07-30T16:00:34","modified_gmt":"2024-07-30T13:00:34","slug":"about-us","status":"publish","type":"page","link":"http:\/\/jokergames.com.tr\/en\/about-us\/","title":{"rendered":"About Us"},"content":{"rendered":"\t\t<div data-elementor-type=\"wp-page\" data-elementor-id=\"2255\" class=\"elementor elementor-2255 elementor-1541\">\n\t\t\t\t\t\t<section class=\"elementor-section elementor-top-section elementor-element elementor-element-1c452a81 elementor-section-full_width elementor-section-height-default elementor-section-height-default\" data-id=\"1c452a81\" data-element_type=\"section\">\n\t\t\t\t\t\t<div class=\"elementor-container elementor-column-gap-no\">\n\t\t\t\t\t<div class=\"elementor-column elementor-col-100 elementor-top-column elementor-element elementor-element-4e6d3adc\" data-id=\"4e6d3adc\" data-element_type=\"column\">\n\t\t\t<div class=\"elementor-widget-wrap elementor-element-populated\">\n\t\t\t\t\t\t<div class=\"elementor-element elementor-element-5761eee6 elementor-widget elementor-widget-cleaning_about_company\" data-id=\"5761eee6\" data-element_type=\"widget\" data-widget_type=\"cleaning_about_company.default\">\n\t\t\t\t<div class=\"elementor-widget-container\">\n\t\t\t        <div class=\"block fullwidth no-pad cleaning-about-company\">\n            <div class=\"container\">\n                \t\t\t\t<h1 class=\"text-center h-decor\">\n\t\t\t\t\tHakk\u0131m\u0131zda\t\t\t\t<\/h1>\n\t\t\t                                 <div class=\"text-center max-700\">\n                    <p class=\"p-lg\">Joker Games olarak, \u00fcr\u00fcn ve hizmetlerimiz ile birlikte insanlar\u0131n ki\u015fisel zaman\u0131n\u0131 payla\u015fmak, an\u0131lar yaratmak ve yeni beceriler \u00f6\u011frenmek amac\u0131yla \u00e7\u0131kt\u0131\u011f\u0131m\u0131z bu yolda ge\u00e7mi\u015f tecr\u00fcbemiz ile kalite ve memnuniyet olu\u015fturmay\u0131 ama\u00e7  edindik. \n\u00c7ocuklar\u0131n ve ebeveynlerin e\u011flenirken \u00f6\u011frendi\u011fi oyunlarla kaliteli vakit ge\u00e7irmesini sa\u011flamak temel motivasyon kayna\u011f\u0131m\u0131zd\u0131r.\n <\/p>\n                <\/div>\n                                <div class=\"divider\"><\/div>\n                <div class=\"row-flex-text\">\n                    <div class=\"col-50 bg-cover hide-bg-sm\" data-bg=\"http:\/\/jokergames.com.tr\/wp-content\/uploads\/2023\/02\/hakkimizda-scaled.jpg\" style=\"background-image: url(http:\/\/jokergames.com.tr\/wp-content\/uploads\/2023\/02\/hakkimizda-scaled.jpg);\">\n                        <div class=\"visible-sm visible-xs\"><img decoding=\"async\" src=\"http:\/\/jokergames.com.tr\/wp-content\/uploads\/2023\/02\/hakkimizda-scaled.jpg\" class=\"img-fullwidth\" loading=\"lazy\" alt=\"About Us\"><\/div>\n                    <\/div>\n                    <div class=\"col-50 bg-text\">\n                        <div class=\"bg-text-inside\">\n                            <h4><\/h4>\n                            Faaliyetlerimizin ana alan\u0131 yap-boz, masa oyunlar\u0131, oyun kartlar\u0131 ve okul \u00f6ncesi e\u011fitici setlerdir.\nProfesyonel ekiplerle \u00e7al\u0131\u015farak \u00fcretimin her a\u015famas\u0131nda \u00e7al\u0131\u015fmalar\u0131m\u0131z\u0131 do\u011faya ve geri d\u00f6n\u00fc\u015f\u00fcme olan sayg\u0131m\u0131z\u0131 katarak g\u00fcvenli ve \u00e7evreci yakla\u015f\u0131m ile s\u00fcrd\u00fcrmekteyiz.                        <\/div>\n                    <\/div>\n                <\/div>\n            <\/div>\n        <\/div>\n\t\t<\/div>\n\t\t\t\t<\/div>\n\t\t\t\t\t<\/div>\n\t\t<\/div>\n\t\t\t\t\t<\/div>\n\t\t<\/section>\n\t\t\t\t<section class=\"elementor-section elementor-top-section elementor-element elementor-element-3c7c44f2 elementor-section-full_width elementor-section-height-default elementor-section-height-default\" data-id=\"3c7c44f2\" data-element_type=\"section\">\n\t\t\t\t\t\t<div class=\"elementor-container elementor-column-gap-no\">\n\t\t\t\t\t<div class=\"elementor-column elementor-col-100 elementor-top-column elementor-element elementor-element-3e461e4a\" data-id=\"3e461e4a\" data-element_type=\"column\">\n\t\t\t<div class=\"elementor-widget-wrap elementor-element-populated\">\n\t\t\t\t\t\t<div class=\"elementor-element elementor-element-328fa4d elementor-widget elementor-widget-cleaning_icon_hor\" data-id=\"328fa4d\" data-element_type=\"widget\" data-widget_type=\"cleaning_icon_hor.default\">\n\t\t\t\t<div class=\"elementor-widget-container\">\n\t\t\t \n        <div class=\"block\">\n            <div class=\"container\">\n                <div class=\"row \">\n                     \n                        <div class=\"col-sm-6 col-xs-12\">\n                                                            <div class=\"text-icon-hor\">\n                                    <div class=\"text-icon-hor-icon\">\n                                        <i aria-hidden=\"true\" class=\"icon  icon-target-lined\"><\/i>                                    <\/div>\n                                    <div class=\"text-icon-hor-text\">\n                                        <h3>Misyonumuz<\/h3>\n                                        E\u011flenceli ve yarat\u0131c\u0131 masa oyunlar\u0131, okul \u00f6ncesi setleri ve puzzle \u00e7e\u015fitleri ile her ya\u015ftan insana ula\u015farak onlar\u0131n arkada\u015flar\u0131yla, aileleriyle veya tek ba\u015flar\u0131na kaliteli ve keyifli bir vakit ge\u00e7irmelerini hedefliyoruz.\n\u00dcr\u00fcnlerimizin tasar\u0131m\u0131ndan \u00fcretimine kadarki t\u00fcm s\u00fcre\u00e7te, y\u00fcksek kalite ve ula\u015f\u0131labilir fiyatlar i\u00e7in \u00e7abal\u0131yoruz. \nAyn\u0131 zamanda s\u00fcrd\u00fcr\u00fclebilirli\u011fi de \u00f6nemsiyoruz. Bunun i\u00e7in kulland\u0131\u011f\u0131m\u0131z ham maddeleri \u00e7evre dostu se\u00e7erek \u00e7evreye olan zararl\u0131 etkileri azaltmaya \u00e7al\u0131\u015f\u0131yoruz.                                            <a href=\"#\"    class=\"service-box-link\"><\/a>\n                                                                            <\/div>\n                                <\/div>\n                                                    <\/div>  \n                        <div class=\"col-sm-6 col-xs-12\">\n                                                            <div class=\"text-icon-hor\">\n                                    <div class=\"text-icon-hor-icon\">\n                                        <i aria-hidden=\"true\" class=\"icon  icon-brush-lined\"><\/i>                                    <\/div>\n                                    <div class=\"text-icon-hor-text\">\n                                        <h3>Vizyonumuz<\/h3>\n                                        Puzzle ve masa oyunlar\u0131 pazar\u0131nda lider olmak ve m\u00fc\u015fterilerimizin ihtiya\u00e7lar\u0131n\u0131 en iyi \u015fekilde kar\u015f\u0131lamakt\u0131r. Bunu yaparken, m\u00fc\u015fteri memnuniyetini her zaman \u00f6n planda tutarak, y\u00fcksek kaliteli ve ula\u015f\u0131labilir \u00fcr\u00fcnler sunmay\u0131 hedefliyoruz. Ayr\u0131ca, yenilik\u00e7i tasar\u0131mlar ve yeni oyun t\u00fcrleri geli\u015ftirerek, m\u00fc\u015fterilerimizin ilgisini ve oyun deneyimlerini s\u00fcrekli olarak yenilemeyi ama\u00e7l\u0131yoruz. \u00d6te yandan, s\u00fcrd\u00fcr\u00fclebilir bir gelecek i\u00e7in \u00e7evre dostu \u00fcretim yapmay\u0131 da g\u00f6rev ediniyoruz. Bu vizyon do\u011frultusunda, insanlar\u0131n ya\u015famlar\u0131n\u0131 zenginle\u015ftirecek, e\u011flenceli ve yarat\u0131c\u0131 puzzle ve masa oyunlar\u0131 sunmay\u0131 hedefliyoruz.                                            <a href=\"#\"    class=\"service-box-link\"><\/a>\n                                                                            <\/div>\n                                <\/div>\n                                                    <\/div>                 <\/div>\n            <\/div>\n        <\/div>\n\t\t<\/div>\n\t\t\t\t<\/div>\n\t\t\t\t\t<\/div>\n\t\t<\/div>\n\t\t\t\t\t<\/div>\n\t\t<\/section>\n\t\t\t\t<\/div>\n\t\t","protected":false},"excerpt":{"rendered":"<p>Hakk\u0131m\u0131zda Joker Games olarak, \u00fcr\u00fcn ve hizmetlerimiz ile birlikte insanlar\u0131n ki\u015fisel zaman\u0131n\u0131 payla\u015fmak, an\u0131lar yaratmak ve yeni beceriler \u00f6\u011frenmek amac\u0131yla \u00e7\u0131kt\u0131\u011f\u0131m\u0131z bu yolda ge\u00e7mi\u015f tecr\u00fcbemiz ile kalite ve memnuniyet olu\u015fturmay\u0131 ama\u00e7 edindik. \u00c7ocuklar\u0131n ve ebeveynlerin e\u011flenirken \u00f6\u011frendi\u011fi oyunlarla kaliteli vakit ge\u00e7irmesini sa\u011flamak temel motivasyon kayna\u011f\u0131m\u0131zd\u0131r. Faaliyetlerimizin ana alan\u0131 yap-boz, masa oyunlar\u0131, oyun kartlar\u0131 ve okul [&hellip;]<\/p>\n","protected":false},"author":1,"featured_media":0,"parent":0,"menu_order":0,"comment_status":"closed","ping_status":"closed","template":"elementor_header_footer","meta":{"footnotes":""},"class_list":["post-2255","page","type-page","status-publish","hentry"],"yoast_head":"<!-- This site is optimized with the Yoast SEO plugin v24.6 - https:\/\/yoast.com\/wordpress\/plugins\/seo\/ -->\n<title>About Us - Joker Games<\/title>\n<meta name=\"robots\" content=\"index, follow, max-snippet:-1, max-image-preview:large, max-video-preview:-1\" \/>\n<link rel=\"canonical\" href=\"https:\/\/jokergames.com.tr\/en\/about-us\/\" \/>\n<meta property=\"og:locale\" content=\"en_US\" \/>\n<meta property=\"og:type\" content=\"article\" \/>\n<meta property=\"og:title\" content=\"About Us - Joker Games\" \/>\n<meta property=\"og:description\" content=\"Hakk\u0131m\u0131zda Joker Games olarak, \u00fcr\u00fcn ve hizmetlerimiz ile birlikte insanlar\u0131n ki\u015fisel zaman\u0131n\u0131 payla\u015fmak, an\u0131lar yaratmak ve yeni beceriler \u00f6\u011frenmek amac\u0131yla \u00e7\u0131kt\u0131\u011f\u0131m\u0131z bu yolda ge\u00e7mi\u015f tecr\u00fcbemiz ile kalite ve memnuniyet olu\u015fturmay\u0131 ama\u00e7 edindik. \u00c7ocuklar\u0131n ve ebeveynlerin e\u011flenirken \u00f6\u011frendi\u011fi oyunlarla kaliteli vakit ge\u00e7irmesini sa\u011flamak temel motivasyon kayna\u011f\u0131m\u0131zd\u0131r. Faaliyetlerimizin ana alan\u0131 yap-boz, masa oyunlar\u0131, oyun kartlar\u0131 ve okul [&hellip;]\" \/>\n<meta property=\"og:url\" content=\"https:\/\/jokergames.com.tr\/en\/about-us\/\" \/>\n<meta property=\"og:site_name\" content=\"Joker Games\" \/>\n<meta property=\"article:publisher\" content=\"https:\/\/m.facebook.com\/jokergameslook\/\" \/>\n<meta property=\"article:modified_time\" content=\"2024-07-30T13:00:34+00:00\" \/>\n<meta property=\"og:image\" content=\"http:\/\/jokergames.com.tr\/wp-content\/uploads\/2023\/02\/hakkimizda-scaled.jpg\" \/>\n<meta name=\"twitter:card\" content=\"summary_large_image\" \/>\n<meta name=\"twitter:label1\" content=\"Est. reading time\" \/>\n\t<meta name=\"twitter:data1\" content=\"2 minutes\" \/>\n<script type=\"application\/ld+json\" class=\"yoast-schema-graph\">{\"@context\":\"https:\/\/schema.org\",\"@graph\":[{\"@type\":\"WebPage\",\"@id\":\"https:\/\/jokergames.com.tr\/en\/about-us\/\",\"url\":\"https:\/\/jokergames.com.tr\/en\/about-us\/\",\"name\":\"About Us - Joker Games\",\"isPartOf\":{\"@id\":\"https:\/\/jokergames.com.tr\/#website\"},\"primaryImageOfPage\":{\"@id\":\"https:\/\/jokergames.com.tr\/en\/about-us\/#primaryimage\"},\"image\":{\"@id\":\"https:\/\/jokergames.com.tr\/en\/about-us\/#primaryimage\"},\"thumbnailUrl\":\"http:\/\/jokergames.com.tr\/wp-content\/uploads\/2023\/02\/hakkimizda-scaled.jpg\",\"datePublished\":\"2021-08-29T03:28:33+00:00\",\"dateModified\":\"2024-07-30T13:00:34+00:00\",\"breadcrumb\":{\"@id\":\"https:\/\/jokergames.com.tr\/en\/about-us\/#breadcrumb\"},\"inLanguage\":\"en-US\",\"potentialAction\":[{\"@type\":\"ReadAction\",\"target\":[\"https:\/\/jokergames.com.tr\/en\/about-us\/\"]}]},{\"@type\":\"ImageObject\",\"inLanguage\":\"en-US\",\"@id\":\"https:\/\/jokergames.com.tr\/en\/about-us\/#primaryimage\",\"url\":\"http:\/\/jokergames.com.tr\/wp-content\/uploads\/2023\/02\/hakkimizda-scaled.jpg\",\"contentUrl\":\"http:\/\/jokergames.com.tr\/wp-content\/uploads\/2023\/02\/hakkimizda-scaled.jpg\"},{\"@type\":\"BreadcrumbList\",\"@id\":\"https:\/\/jokergames.com.tr\/en\/about-us\/#breadcrumb\",\"itemListElement\":[{\"@type\":\"ListItem\",\"position\":1,\"name\":\"Home\",\"item\":\"https:\/\/jokergames.com.tr\/en\/\"},{\"@type\":\"ListItem\",\"position\":2,\"name\":\"About Us\"}]},{\"@type\":\"WebSite\",\"@id\":\"https:\/\/jokergames.com.tr\/#website\",\"url\":\"https:\/\/jokergames.com.tr\/\",\"name\":\"Joker Games\",\"description\":\"For fun moments.\",\"publisher\":{\"@id\":\"https:\/\/jokergames.com.tr\/#organization\"},\"potentialAction\":[{\"@type\":\"SearchAction\",\"target\":{\"@type\":\"EntryPoint\",\"urlTemplate\":\"https:\/\/jokergames.com.tr\/?s={search_term_string}\"},\"query-input\":{\"@type\":\"PropertyValueSpecification\",\"valueRequired\":true,\"valueName\":\"search_term_string\"}}],\"inLanguage\":\"en-US\"},{\"@type\":\"Organization\",\"@id\":\"https:\/\/jokergames.com.tr\/#organization\",\"name\":\"Joker Games\",\"url\":\"https:\/\/jokergames.com.tr\/\",\"logo\":{\"@type\":\"ImageObject\",\"inLanguage\":\"en-US\",\"@id\":\"https:\/\/jokergames.com.tr\/#\/schema\/logo\/image\/\",\"url\":\"http:\/\/jokergames.com.tr\/wp-content\/uploads\/2024\/07\/Joker_LOGO-01-4-e1721734467911.png\",\"contentUrl\":\"http:\/\/jokergames.com.tr\/wp-content\/uploads\/2024\/07\/Joker_LOGO-01-4-e1721734467911.png\",\"width\":1771,\"height\":408,\"caption\":\"Joker Games\"},\"image\":{\"@id\":\"https:\/\/jokergames.com.tr\/#\/schema\/logo\/image\/\"},\"sameAs\":[\"https:\/\/m.facebook.com\/jokergameslook\/\",\"https:\/\/www.instagram.com\/jokergameslook?igsh=MTN1MHN1Zmd6cmJq\"]}]}<\/script>\n<!-- \/ Yoast SEO plugin. -->","yoast_head_json":{"title":"About Us - Joker Games","robots":{"index":"index","follow":"follow","max-snippet":"max-snippet:-1","max-image-preview":"max-image-preview:large","max-video-preview":"max-video-preview:-1"},"canonical":"https:\/\/jokergames.com.tr\/en\/about-us\/","og_locale":"en_US","og_type":"article","og_title":"About Us - Joker Games","og_description":"Hakk\u0131m\u0131zda Joker Games olarak, \u00fcr\u00fcn ve hizmetlerimiz ile birlikte insanlar\u0131n ki\u015fisel zaman\u0131n\u0131 payla\u015fmak, an\u0131lar yaratmak ve yeni beceriler \u00f6\u011frenmek amac\u0131yla \u00e7\u0131kt\u0131\u011f\u0131m\u0131z bu yolda ge\u00e7mi\u015f tecr\u00fcbemiz ile kalite ve memnuniyet olu\u015fturmay\u0131 ama\u00e7 edindik. \u00c7ocuklar\u0131n ve ebeveynlerin e\u011flenirken \u00f6\u011frendi\u011fi oyunlarla kaliteli vakit ge\u00e7irmesini sa\u011flamak temel motivasyon kayna\u011f\u0131m\u0131zd\u0131r. Faaliyetlerimizin ana alan\u0131 yap-boz, masa oyunlar\u0131, oyun kartlar\u0131 ve okul [&hellip;]","og_url":"https:\/\/jokergames.com.tr\/en\/about-us\/","og_site_name":"Joker Games","article_publisher":"https:\/\/m.facebook.com\/jokergameslook\/","article_modified_time":"2024-07-30T13:00:34+00:00","og_image":[{"url":"http:\/\/jokergames.com.tr\/wp-content\/uploads\/2023\/02\/hakkimizda-scaled.jpg","type":"","width":"","height":""}],"twitter_card":"summary_large_image","twitter_misc":{"Est. reading time":"2 minutes"},"schema":{"@context":"https:\/\/schema.org","@graph":[{"@type":"WebPage","@id":"https:\/\/jokergames.com.tr\/en\/about-us\/","url":"https:\/\/jokergames.com.tr\/en\/about-us\/","name":"About Us - Joker Games","isPartOf":{"@id":"https:\/\/jokergames.com.tr\/#website"},"primaryImageOfPage":{"@id":"https:\/\/jokergames.com.tr\/en\/about-us\/#primaryimage"},"image":{"@id":"https:\/\/jokergames.com.tr\/en\/about-us\/#primaryimage"},"thumbnailUrl":"http:\/\/jokergames.com.tr\/wp-content\/uploads\/2023\/02\/hakkimizda-scaled.jpg","datePublished":"2021-08-29T03:28:33+00:00","dateModified":"2024-07-30T13:00:34+00:00","breadcrumb":{"@id":"https:\/\/jokergames.com.tr\/en\/about-us\/#breadcrumb"},"inLanguage":"en-US","potentialAction":[{"@type":"ReadAction","target":["https:\/\/jokergames.com.tr\/en\/about-us\/"]}]},{"@type":"ImageObject","inLanguage":"en-US","@id":"https:\/\/jokergames.com.tr\/en\/about-us\/#primaryimage","url":"http:\/\/jokergames.com.tr\/wp-content\/uploads\/2023\/02\/hakkimizda-scaled.jpg","contentUrl":"http:\/\/jokergames.com.tr\/wp-content\/uploads\/2023\/02\/hakkimizda-scaled.jpg"},{"@type":"BreadcrumbList","@id":"https:\/\/jokergames.com.tr\/en\/about-us\/#breadcrumb","itemListElement":[{"@type":"ListItem","position":1,"name":"Home","item":"https:\/\/jokergames.com.tr\/en\/"},{"@type":"ListItem","position":2,"name":"About Us"}]},{"@type":"WebSite","@id":"https:\/\/jokergames.com.tr\/#website","url":"https:\/\/jokergames.com.tr\/","name":"Joker Games","description":"For fun moments.","publisher":{"@id":"https:\/\/jokergames.com.tr\/#organization"},"potentialAction":[{"@type":"SearchAction","target":{"@type":"EntryPoint","urlTemplate":"https:\/\/jokergames.com.tr\/?s={search_term_string}"},"query-input":{"@type":"PropertyValueSpecification","valueRequired":true,"valueName":"search_term_string"}}],"inLanguage":"en-US"},{"@type":"Organization","@id":"https:\/\/jokergames.com.tr\/#organization","name":"Joker Games","url":"https:\/\/jokergames.com.tr\/","logo":{"@type":"ImageObject","inLanguage":"en-US","@id":"https:\/\/jokergames.com.tr\/#\/schema\/logo\/image\/","url":"http:\/\/jokergames.com.tr\/wp-content\/uploads\/2024\/07\/Joker_LOGO-01-4-e1721734467911.png","contentUrl":"http:\/\/jokergames.com.tr\/wp-content\/uploads\/2024\/07\/Joker_LOGO-01-4-e1721734467911.png","width":1771,"height":408,"caption":"Joker Games"},"image":{"@id":"https:\/\/jokergames.com.tr\/#\/schema\/logo\/image\/"},"sameAs":["https:\/\/m.facebook.com\/jokergameslook\/","https:\/\/www.instagram.com\/jokergameslook?igsh=MTN1MHN1Zmd6cmJq"]}]}},"_links":{"self":[{"href":"http:\/\/jokergames.com.tr\/en\/wp-json\/wp\/v2\/pages\/2255","targetHints":{"allow":["GET"]}}],"collection":[{"href":"http:\/\/jokergames.com.tr\/en\/wp-json\/wp\/v2\/pages"}],"about":[{"href":"http:\/\/jokergames.com.tr\/en\/wp-json\/wp\/v2\/types\/page"}],"author":[{"embeddable":true,"href":"http:\/\/jokergames.com.tr\/en\/wp-json\/wp\/v2\/users\/1"}],"replies":[{"embeddable":true,"href":"http:\/\/jokergames.com.tr\/en\/wp-json\/wp\/v2\/comments?post=2255"}],"version-history":[{"count":8,"href":"http:\/\/jokergames.com.tr\/en\/wp-json\/wp\/v2\/pages\/2255\/revisions"}],"predecessor-version":[{"id":3755,"href":"http:\/\/jokergames.com.tr\/en\/wp-json\/wp\/v2\/pages\/2255\/revisions\/3755"}],"wp:attachment":[{"href":"http:\/\/jokergames.com.tr\/en\/wp-json\/wp\/v2\/media?parent=2255"}],"curies":[{"name":"wp","href":"https:\/\/api.w.org\/{rel}","templated":true}]}}