{"id":2260,"date":"2021-08-29T06:06:47","date_gmt":"2021-08-29T03:06:47","guid":{"rendered":"http:\/\/jokergames.com.tr\/?page_id=2260"},"modified":"2024-08-01T17:22:42","modified_gmt":"2024-08-01T14:22:42","slug":"contact","status":"publish","type":"page","link":"https:\/\/jokergames.com.tr\/en\/home-2\/contact\/","title":{"rendered":"Contact"},"content":{"rendered":"\t\t<div data-elementor-type=\"wp-page\" data-elementor-id=\"2260\" class=\"elementor elementor-2260 elementor-1528\">\n\t\t\t\t\t\t<section class=\"elementor-section elementor-top-section elementor-element elementor-element-64b85ee elementor-section-full_width elementor-section-height-default elementor-section-height-default\" data-id=\"64b85ee\" data-element_type=\"section\">\n\t\t\t\t\t\t<div class=\"elementor-container elementor-column-gap-no\">\n\t\t\t\t\t<div class=\"elementor-column elementor-col-100 elementor-top-column elementor-element elementor-element-9e53288\" data-id=\"9e53288\" data-element_type=\"column\">\n\t\t\t<div class=\"elementor-widget-wrap elementor-element-populated\">\n\t\t\t\t\t\t<div class=\"elementor-element elementor-element-472b4583 elementor-widget elementor-widget-text-editor\" data-id=\"472b4583\" data-element_type=\"widget\" data-widget_type=\"text-editor.default\">\n\t\t\t\t<div class=\"elementor-widget-container\">\n\t\t\t<style>\/*! elementor - v3.23.0 - 25-07-2024 *\/\n.elementor-widget-text-editor.elementor-drop-cap-view-stacked .elementor-drop-cap{background-color:#69727d;color:#fff}.elementor-widget-text-editor.elementor-drop-cap-view-framed .elementor-drop-cap{color:#69727d;border:3px solid;background-color:transparent}.elementor-widget-text-editor:not(.elementor-drop-cap-view-default) .elementor-drop-cap{margin-top:8px}.elementor-widget-text-editor:not(.elementor-drop-cap-view-default) .elementor-drop-cap-letter{width:1em;height:1em}.elementor-widget-text-editor .elementor-drop-cap{float:left;text-align:center;line-height:1;font-size:50px}.elementor-widget-text-editor .elementor-drop-cap-letter{display:inline-block}<\/style>\t\t\t\t<h1 class=\"text-center h-decor\">Contact<\/h1>\n\t\t\t\t\t\t<\/div>\n\t\t\t\t<\/div>\n\t\t\t\t\t<\/div>\n\t\t<\/div>\n\t\t\t\t\t<\/div>\n\t\t<\/section>\n\t\t\t\t<section class=\"elementor-section elementor-top-section elementor-element elementor-element-4f537492 elementor-section-full_width elementor-section-height-default elementor-section-height-default\" data-id=\"4f537492\" data-element_type=\"section\">\n\t\t\t\t\t\t<div class=\"elementor-container elementor-column-gap-no\">\n\t\t\t\t\t<div class=\"elementor-column elementor-col-100 elementor-top-column elementor-element elementor-element-7c7a3c79\" data-id=\"7c7a3c79\" data-element_type=\"column\">\n\t\t\t<div class=\"elementor-widget-wrap elementor-element-populated\">\n\t\t\t\t\t\t<div class=\"elementor-element elementor-element-2ee56e68 elementor-widget elementor-widget-google_maps\" data-id=\"2ee56e68\" data-element_type=\"widget\" data-widget_type=\"google_maps.default\">\n\t\t\t\t<div class=\"elementor-widget-container\">\n\t\t\t<style>\/*! elementor - v3.23.0 - 25-07-2024 *\/\n.elementor-widget-google_maps .elementor-widget-container{overflow:hidden}.elementor-widget-google_maps .elementor-custom-embed{line-height:0}.elementor-widget-google_maps iframe{height:300px}<\/style>\t\t<div class=\"elementor-custom-embed\">\n\t\t\t<iframe loading=\"lazy\"\n\t\t\t\t\tsrc=\"https:\/\/maps.google.com\/maps?q=Yakuplu%2C%20194.%20Sk.%2C%2034524%20Beylikd%C3%BCz%C3%BC%20Osb%2FBeylikd%C3%BCz%C3%BC%2F%C4%B0stanbul&#038;t=m&#038;z=10&#038;output=embed&#038;iwloc=near\"\n\t\t\t\t\ttitle=\"Yakuplu, 194. Sk., 34524 Beylikd\u00fcz\u00fc Osb\/Beylikd\u00fcz\u00fc\/\u0130stanbul\"\n\t\t\t\t\taria-label=\"Yakuplu, 194. Sk., 34524 Beylikd\u00fcz\u00fc Osb\/Beylikd\u00fcz\u00fc\/\u0130stanbul\"\n\t\t\t><\/iframe>\n\t\t<\/div>\n\t\t\t\t<\/div>\n\t\t\t\t<\/div>\n\t\t\t\t\t<\/div>\n\t\t<\/div>\n\t\t\t\t\t<\/div>\n\t\t<\/section>\n\t\t\t\t<section class=\"elementor-section elementor-top-section elementor-element elementor-element-27818bb8 elementor-section-boxed elementor-section-height-default elementor-section-height-default\" data-id=\"27818bb8\" data-element_type=\"section\">\n\t\t\t\t\t\t<div class=\"elementor-container elementor-column-gap-no\">\n\t\t\t\t\t<div class=\"elementor-column elementor-col-100 elementor-top-column elementor-element elementor-element-4154da4f col-md-4\" data-id=\"4154da4f\" data-element_type=\"column\">\n\t\t\t<div class=\"elementor-widget-wrap elementor-element-populated\">\n\t\t\t\t\t\t<div class=\"elementor-element elementor-element-2492855f elementor-widget elementor-widget-cleaning_contact_info\" data-id=\"2492855f\" data-element_type=\"widget\" data-widget_type=\"cleaning_contact_info.default\">\n\t\t\t\t<div class=\"elementor-widget-container\">\n\t\t\t \n    <h2>Contact information<\/h2>\n    <div id=\"cleaning_contact_box-1\" class=\"widget widget_cleaning_contact_box\">\n        <h4><\/h4>\n        <div class=\"col-md-12\">\n             \n                <div class=\"contact-info-sm\">\n                    <h5>Address<\/h5>\n                    <i aria-hidden=\"true\" class=\"icon  icon-map-marker\"><\/i>Yakuplu Mahallesi, 194. Sokak,\n3. Matbaac\u0131lar Sitesi, No:322-323\nBeylikd\u00fcz\u00fc \/ \u0130STANBUL                <\/div> \n                 \n                <div class=\"contact-info-sm\">\n                    <h5>Telephone<\/h5>\n                    <i aria-hidden=\"true\" class=\"icon  icon-technology\"><\/i>0212 875 57 47                <\/div> \n                 \n                <div class=\"contact-info-sm\">\n                    <h5>Email<\/h5>\n                    <i aria-hidden=\"true\" class=\"icon fas fa-mail-bulk\"><\/i>info@jokergames.com.tr                <\/div> \n                            <div class=\"divider\"><\/div>\n            <h5>Sosyal Medya<\/h5>\n            <ul class=\"social-list\">\n             \n                <li><a href=\"https:\/\/www.facebook.com\/jokergameslook\"   >\n                                    <i class=\"icon-facebook-logo\"><\/i>\n                                    <\/a><\/li>\n                 \n                <li><a href=\"https:\/\/www.instagram.com\/jokergameslook\/\"   >\n                                    <i class=\"icon-instagram-logo\"><\/i>\n                                    <\/a><\/li>\n                            <\/ul>\n        <\/div>\n    <\/div>\n\t\t<\/div>\n\t\t\t\t<\/div>\n\t\t\t\t\t<\/div>\n\t\t<\/div>\n\t\t\t\t\t<\/div>\n\t\t<\/section>\n\t\t\t\t<\/div>\n\t\t","protected":false},"excerpt":{"rendered":"<p>Contact Contact information Address Yakuplu Mahallesi, 194. Sokak, 3. Matbaac\u0131lar Sitesi, No:322-323 Beylikd\u00fcz\u00fc \/ \u0130STANBUL Telephone 0212 875 57 47 Email info@jokergames.com.tr Sosyal Medya<\/p>\n","protected":false},"author":1,"featured_media":0,"parent":2977,"menu_order":0,"comment_status":"closed","ping_status":"closed","template":"elementor_header_footer","meta":{"footnotes":""},"class_list":["post-2260","page","type-page","status-publish","hentry"],"yoast_head":"<!-- This site is optimized with the Yoast SEO plugin v24.6 - https:\/\/yoast.com\/wordpress\/plugins\/seo\/ -->\n<title>Contact - Joker Games<\/title>\n<meta name=\"robots\" content=\"index, follow, max-snippet:-1, max-image-preview:large, max-video-preview:-1\" \/>\n<link rel=\"canonical\" href=\"https:\/\/jokergames.com.tr\/en\/home-2\/contact\/\" \/>\n<meta property=\"og:locale\" content=\"en_US\" \/>\n<meta property=\"og:type\" content=\"article\" \/>\n<meta property=\"og:title\" content=\"Contact - Joker Games\" \/>\n<meta property=\"og:description\" content=\"Contact Contact information Address Yakuplu Mahallesi, 194. Sokak, 3. Matbaac\u0131lar Sitesi, No:322-323 Beylikd\u00fcz\u00fc \/ \u0130STANBUL Telephone 0212 875 57 47 Email info@jokergames.com.tr Sosyal Medya\" \/>\n<meta property=\"og:url\" content=\"https:\/\/jokergames.com.tr\/en\/home-2\/contact\/\" \/>\n<meta property=\"og:site_name\" content=\"Joker Games\" \/>\n<meta property=\"article:publisher\" content=\"https:\/\/m.facebook.com\/jokergameslook\/\" \/>\n<meta property=\"article:modified_time\" content=\"2024-08-01T14:22:42+00:00\" \/>\n<meta name=\"twitter:card\" content=\"summary_large_image\" \/>\n<meta name=\"twitter:label1\" content=\"Est. reading time\" \/>\n\t<meta name=\"twitter:data1\" content=\"1 minute\" \/>\n<script type=\"application\/ld+json\" class=\"yoast-schema-graph\">{\"@context\":\"https:\/\/schema.org\",\"@graph\":[{\"@type\":\"WebPage\",\"@id\":\"https:\/\/jokergames.com.tr\/en\/home-2\/contact\/\",\"url\":\"https:\/\/jokergames.com.tr\/en\/home-2\/contact\/\",\"name\":\"Contact - Joker Games\",\"isPartOf\":{\"@id\":\"https:\/\/jokergames.com.tr\/#website\"},\"datePublished\":\"2021-08-29T03:06:47+00:00\",\"dateModified\":\"2024-08-01T14:22:42+00:00\",\"breadcrumb\":{\"@id\":\"https:\/\/jokergames.com.tr\/en\/home-2\/contact\/#breadcrumb\"},\"inLanguage\":\"en-US\",\"potentialAction\":[{\"@type\":\"ReadAction\",\"target\":[\"https:\/\/jokergames.com.tr\/en\/home-2\/contact\/\"]}]},{\"@type\":\"BreadcrumbList\",\"@id\":\"https:\/\/jokergames.com.tr\/en\/home-2\/contact\/#breadcrumb\",\"itemListElement\":[{\"@type\":\"ListItem\",\"position\":1,\"name\":\"Home\",\"item\":\"https:\/\/jokergames.com.tr\/en\/\"},{\"@type\":\"ListItem\",\"position\":2,\"name\":\"Home\",\"item\":\"https:\/\/jokergames.com.tr\/en\/\"},{\"@type\":\"ListItem\",\"position\":3,\"name\":\"Contact\"}]},{\"@type\":\"WebSite\",\"@id\":\"https:\/\/jokergames.com.tr\/#website\",\"url\":\"https:\/\/jokergames.com.tr\/\",\"name\":\"Joker Games\",\"description\":\"For fun moments.\",\"publisher\":{\"@id\":\"https:\/\/jokergames.com.tr\/#organization\"},\"potentialAction\":[{\"@type\":\"SearchAction\",\"target\":{\"@type\":\"EntryPoint\",\"urlTemplate\":\"https:\/\/jokergames.com.tr\/?s={search_term_string}\"},\"query-input\":{\"@type\":\"PropertyValueSpecification\",\"valueRequired\":true,\"valueName\":\"search_term_string\"}}],\"inLanguage\":\"en-US\"},{\"@type\":\"Organization\",\"@id\":\"https:\/\/jokergames.com.tr\/#organization\",\"name\":\"Joker Games\",\"url\":\"https:\/\/jokergames.com.tr\/\",\"logo\":{\"@type\":\"ImageObject\",\"inLanguage\":\"en-US\",\"@id\":\"https:\/\/jokergames.com.tr\/#\/schema\/logo\/image\/\",\"url\":\"https:\/\/jokergames.com.tr\/wp-content\/uploads\/2024\/07\/Joker_LOGO-01-4-e1721734467911.png\",\"contentUrl\":\"https:\/\/jokergames.com.tr\/wp-content\/uploads\/2024\/07\/Joker_LOGO-01-4-e1721734467911.png\",\"width\":1771,\"height\":408,\"caption\":\"Joker Games\"},\"image\":{\"@id\":\"https:\/\/jokergames.com.tr\/#\/schema\/logo\/image\/\"},\"sameAs\":[\"https:\/\/m.facebook.com\/jokergameslook\/\",\"https:\/\/www.instagram.com\/jokergameslook?igsh=MTN1MHN1Zmd6cmJq\"]}]}<\/script>\n<!-- \/ Yoast SEO plugin. -->","yoast_head_json":{"title":"Contact - Joker Games","robots":{"index":"index","follow":"follow","max-snippet":"max-snippet:-1","max-image-preview":"max-image-preview:large","max-video-preview":"max-video-preview:-1"},"canonical":"https:\/\/jokergames.com.tr\/en\/home-2\/contact\/","og_locale":"en_US","og_type":"article","og_title":"Contact - Joker Games","og_description":"Contact Contact information Address Yakuplu Mahallesi, 194. Sokak, 3. Matbaac\u0131lar Sitesi, No:322-323 Beylikd\u00fcz\u00fc \/ \u0130STANBUL Telephone 0212 875 57 47 Email info@jokergames.com.tr Sosyal Medya","og_url":"https:\/\/jokergames.com.tr\/en\/home-2\/contact\/","og_site_name":"Joker Games","article_publisher":"https:\/\/m.facebook.com\/jokergameslook\/","article_modified_time":"2024-08-01T14:22:42+00:00","twitter_card":"summary_large_image","twitter_misc":{"Est. reading time":"1 minute"},"schema":{"@context":"https:\/\/schema.org","@graph":[{"@type":"WebPage","@id":"https:\/\/jokergames.com.tr\/en\/home-2\/contact\/","url":"https:\/\/jokergames.com.tr\/en\/home-2\/contact\/","name":"Contact - Joker Games","isPartOf":{"@id":"https:\/\/jokergames.com.tr\/#website"},"datePublished":"2021-08-29T03:06:47+00:00","dateModified":"2024-08-01T14:22:42+00:00","breadcrumb":{"@id":"https:\/\/jokergames.com.tr\/en\/home-2\/contact\/#breadcrumb"},"inLanguage":"en-US","potentialAction":[{"@type":"ReadAction","target":["https:\/\/jokergames.com.tr\/en\/home-2\/contact\/"]}]},{"@type":"BreadcrumbList","@id":"https:\/\/jokergames.com.tr\/en\/home-2\/contact\/#breadcrumb","itemListElement":[{"@type":"ListItem","position":1,"name":"Home","item":"https:\/\/jokergames.com.tr\/en\/"},{"@type":"ListItem","position":2,"name":"Home","item":"https:\/\/jokergames.com.tr\/en\/"},{"@type":"ListItem","position":3,"name":"Contact"}]},{"@type":"WebSite","@id":"https:\/\/jokergames.com.tr\/#website","url":"https:\/\/jokergames.com.tr\/","name":"Joker Games","description":"For fun moments.","publisher":{"@id":"https:\/\/jokergames.com.tr\/#organization"},"potentialAction":[{"@type":"SearchAction","target":{"@type":"EntryPoint","urlTemplate":"https:\/\/jokergames.com.tr\/?s={search_term_string}"},"query-input":{"@type":"PropertyValueSpecification","valueRequired":true,"valueName":"search_term_string"}}],"inLanguage":"en-US"},{"@type":"Organization","@id":"https:\/\/jokergames.com.tr\/#organization","name":"Joker Games","url":"https:\/\/jokergames.com.tr\/","logo":{"@type":"ImageObject","inLanguage":"en-US","@id":"https:\/\/jokergames.com.tr\/#\/schema\/logo\/image\/","url":"https:\/\/jokergames.com.tr\/wp-content\/uploads\/2024\/07\/Joker_LOGO-01-4-e1721734467911.png","contentUrl":"https:\/\/jokergames.com.tr\/wp-content\/uploads\/2024\/07\/Joker_LOGO-01-4-e1721734467911.png","width":1771,"height":408,"caption":"Joker Games"},"image":{"@id":"https:\/\/jokergames.com.tr\/#\/schema\/logo\/image\/"},"sameAs":["https:\/\/m.facebook.com\/jokergameslook\/","https:\/\/www.instagram.com\/jokergameslook?igsh=MTN1MHN1Zmd6cmJq"]}]}},"_links":{"self":[{"href":"https:\/\/jokergames.com.tr\/en\/wp-json\/wp\/v2\/pages\/2260","targetHints":{"allow":["GET"]}}],"collection":[{"href":"https:\/\/jokergames.com.tr\/en\/wp-json\/wp\/v2\/pages"}],"about":[{"href":"https:\/\/jokergames.com.tr\/en\/wp-json\/wp\/v2\/types\/page"}],"author":[{"embeddable":true,"href":"https:\/\/jokergames.com.tr\/en\/wp-json\/wp\/v2\/users\/1"}],"replies":[{"embeddable":true,"href":"https:\/\/jokergames.com.tr\/en\/wp-json\/wp\/v2\/comments?post=2260"}],"version-history":[{"count":35,"href":"https:\/\/jokergames.com.tr\/en\/wp-json\/wp\/v2\/pages\/2260\/revisions"}],"predecessor-version":[{"id":3962,"href":"https:\/\/jokergames.com.tr\/en\/wp-json\/wp\/v2\/pages\/2260\/revisions\/3962"}],"up":[{"embeddable":true,"href":"https:\/\/jokergames.com.tr\/en\/wp-json\/wp\/v2\/pages\/2977"}],"wp:attachment":[{"href":"https:\/\/jokergames.com.tr\/en\/wp-json\/wp\/v2\/media?parent=2260"}],"curies":[{"name":"wp","href":"https:\/\/api.w.org\/{rel}","templated":true}]}}